{"id":32,"date":"2023-03-21T12:36:43","date_gmt":"2023-03-21T12:36:43","guid":{"rendered":"https:\/\/bittelmovile.es\/?page_id=32"},"modified":"2023-04-12T16:22:21","modified_gmt":"2023-04-12T16:22:21","slug":"politica-de-cookies","status":"publish","type":"page","link":"https:\/\/bittelmobile.es\/en\/politica-de-cookies\/","title":{"rendered":"Cookies policy"},"content":{"rendered":"<p>A &quot;Cookie&quot; is a small file that is stored on the user&#039;s computer and allows us to recognize the user. The set of &quot;cookies&quot; helps us improve the quality of our website, allowing us to control which pages our users find useful and which do not.<\/p>\n<p>Cookies are essential for the operation of the Internet, providing innumerable advantages in the provision of interactive services, facilitating navigation and usability of our website. Keep in mind that cookies cannot harm your equipment and that, in return, the fact that they are activated helps us to identify and resolve errors.<\/p>\n<p>The information we provide below will help you understand the different types of cookies:<\/p>\n<p>_\u00a0<strong>Session cookies:<\/strong>\u00a0They are temporary cookies that remain in the cookie file of your browser until you leave the web page, so none is recorded on the user&#039;s hard drive. The information obtained through these cookies is used to analyze traffic patterns on the web. In the long run, this allows us to provide a better experience by improving the content and making it easier to use.<\/p>\n<p>_\u00a0<strong>Permanent cookies:<\/strong>\u00a0They are stored on the hard drive and our website reads them each time you make a new visit. A permanent cookie has a specific expiration date. The cookie will stop working after that date.<\/p>\n<p>Below we publish a list of the main cookies used on our website, distinguishing:<\/p>\n<p>_<strong>\u00a0Strictly necessary cookies<\/strong>\u00a0For example, those that serve for correct navigation or those that allow services requested by the user to be carried out or cookies that serve to ensure that the content of the web page is loaded efficiently.<\/p>\n<p>_<strong>\u00a0Third party cookies<\/strong>\u00a0such as those used by social networks, or by external content plugins.<\/p>\n<p>_<strong>\u00a0Analytical cookies<\/strong>\u00a0For periodic maintenance purposes, and in order to guarantee the best possible service to the user, websites normally use &quot;analytical&quot; cookies to collect statistical data on the activity.<\/p>\n<p><strong>LIST AND DESCRIPTION OF THE COOKIES WE USE ON THE WEBSITE:<\/strong>\u00a0The table that we publish below summarizes the cookies that we use on our website:<\/p>\n<div class=\"table table-responsive\">\n<table class=\"table\">\n<tbody>\n<tr>\n<td class=\"active\"><strong>cookies<\/strong><\/td>\n<td class=\"active\"><strong>Name<\/strong><\/td>\n<td class=\"active\"><strong>Purpose \/ More information<\/strong><\/td>\n<td class=\"active\"><strong>Expiration<\/strong><\/td>\n<\/tr>\n<tr>\n<td><\/td>\n<td>PHPSESSID<\/td>\n<td>This cookie is used to establish the session of the user who visits our website.<br \/>\nIt is a way to identify and manage the state \u2013 the session variables \u2013 for a specific user, and to be able to move that information through our Web.<\/td>\n<td>Session<\/td>\n<\/tr>\n<tr>\n<td>Google Analytics<\/td>\n<td>_ga<\/td>\n<td>It is used to distinguish users.<\/td>\n<td>2 years<\/td>\n<\/tr>\n<tr>\n<td><\/td>\n<td>_gid<\/td>\n<td>It is generated automatically in a transparent way for the Web due to certain measurement codes or third parties<\/td>\n<td>1 day<\/td>\n<\/tr>\n<tr>\n<td><\/td>\n<td>_gat<\/td>\n<td>It is used to differentiate between the different tracking objects created in the session. The cookie is created by loading the javascript library and there is no previous version of the _gat cookie. The cookie is updated each time you send data to Google Analytics.<\/td>\n<td>10 minutes<\/td>\n<\/tr>\n<tr>\n<td>Cookies google.com<\/td>\n<td>NID<\/td>\n<td>To make advertising more attractive<\/td>\n<td>6 months<\/td>\n<\/tr>\n<\/tbody>\n<\/table>\n<\/div>\n<p><strong>Complementary guarantees \u2013 Cookie management:<\/strong><\/p>\n<p>As a complementary guarantee to those described above, the registration of cookies may be subject to acceptance during the installation or updating of the browser used, and this acceptance may be revoked at any time through the available content and privacy configuration options.<br \/>\nMany browsers allow you to activate a private mode through which cookies are always deleted after your visit. Depending on each browser, this private mode may have different names. Below you will find a list of the most common browsers and the different names of this \u201cprivate mode\u201d:<\/p>\n<p><strong>Internet Explorer 8<\/strong>\u00a0and above; InPrivate<strong>\u00a0Safari 2<\/strong>\u00a0and above; Private Browsing\u00a0<strong>Opera 10.5<\/strong>\u00a0and above; Private Browsing\u00a0<strong>Firefox 3.5<\/strong>\u00a0and above; Private Browsing\u00a0<strong>Google Chrome 10<\/strong>\u00a0and above; Incognito<\/p>\n<p><strong>Important:\u00a0<\/strong>Please read the help section of your browser carefully to learn more about how to activate the \u201cprivate mode\u201d. You will be able to continue visiting our website even if your browser is in &quot;private mode&quot;, although browsing our website may not be optimal and some utilities may not work correctly.<\/p>","protected":false},"excerpt":{"rendered":"<p>A &quot;Cookie&quot; is a small file that is stored on the user&#039;s computer and allows us to recognize the user. The set of &quot;cookies&quot; helps us improve the quality of our website, allowing us to control which pages our users find useful and which they do not. Cookies are essential for the functioning of the Internet, providing countless advantages in\u2026&nbsp;<a href=\"https:\/\/bittelmobile.es\/en\/politica-de-cookies\/\" class=\"\" rel=\"bookmark\">Read More \u00bb<span class=\"screen-reader-text\">Cookies policy<\/span><\/a><\/p>","protected":false},"author":1,"featured_media":0,"parent":0,"menu_order":0,"comment_status":"closed","ping_status":"closed","template":"","meta":{"neve_meta_sidebar":"","neve_meta_container":"","neve_meta_enable_content_width":"off","neve_meta_content_width":100,"neve_meta_title_alignment":"","neve_meta_author_avatar":"","neve_post_elements_order":"","neve_meta_disable_header":"","neve_meta_disable_footer":"","neve_meta_disable_title":"","footnotes":""},"class_list":["post-32","page","type-page","status-publish","hentry"],"yoast_head":"<!-- This site is optimized with the Yoast SEO plugin v27.4 - https:\/\/yoast.com\/product\/yoast-seo-wordpress\/ -->\n<title>Pol\u00edtica de cookies - BittelMobile<\/title>\n<meta name=\"robots\" content=\"index, follow, max-snippet:-1, max-image-preview:large, max-video-preview:-1\" \/>\n<link rel=\"canonical\" href=\"https:\/\/bittelmobile.es\/en\/politica-de-cookies\/\" \/>\n<meta property=\"og:locale\" content=\"en_GB\" \/>\n<meta property=\"og:type\" content=\"article\" \/>\n<meta property=\"og:title\" content=\"Pol\u00edtica de cookies - BittelMobile\" \/>\n<meta property=\"og:description\" content=\"Una \u00abCookie\u00bb es un peque\u00f1o archivo que se almacena en el ordenador del usuario y nos permite reconocerle. El conjunto de \u00abcookies\u00bb nos ayuda a mejorar la calidad de nuestra web, permiti\u00e9ndonos controlar qu\u00e9 p\u00e1ginas encuentran nuestros usuarios \u00fatiles y cu\u00e1les no. Las cookies son esenciales para el funcionamiento de internet, aportando innumerables ventajas en&hellip;&nbsp;Read More &raquo;Pol\u00edtica de cookies\" \/>\n<meta property=\"og:url\" content=\"https:\/\/bittelmobile.es\/en\/politica-de-cookies\/\" \/>\n<meta property=\"og:site_name\" content=\"BittelMobile\" \/>\n<meta property=\"article:modified_time\" content=\"2023-04-12T16:22:21+00:00\" \/>\n<meta name=\"twitter:card\" content=\"summary_large_image\" \/>\n<script type=\"application\/ld+json\" class=\"yoast-schema-graph\">{\"@context\":\"https:\\\/\\\/schema.org\",\"@graph\":[{\"@type\":\"WebPage\",\"@id\":\"https:\\\/\\\/bittelmobile.es\\\/politica-de-cookies\\\/\",\"url\":\"https:\\\/\\\/bittelmobile.es\\\/politica-de-cookies\\\/\",\"name\":\"Pol\u00edtica de cookies - BittelMobile\",\"isPartOf\":{\"@id\":\"https:\\\/\\\/bittelmobile.es\\\/#website\"},\"datePublished\":\"2023-03-21T12:36:43+00:00\",\"dateModified\":\"2023-04-12T16:22:21+00:00\",\"breadcrumb\":{\"@id\":\"https:\\\/\\\/bittelmobile.es\\\/politica-de-cookies\\\/#breadcrumb\"},\"inLanguage\":\"en-GB\",\"potentialAction\":[{\"@type\":\"ReadAction\",\"target\":[\"https:\\\/\\\/bittelmobile.es\\\/politica-de-cookies\\\/\"]}]},{\"@type\":\"BreadcrumbList\",\"@id\":\"https:\\\/\\\/bittelmobile.es\\\/politica-de-cookies\\\/#breadcrumb\",\"itemListElement\":[{\"@type\":\"ListItem\",\"position\":1,\"name\":\"Portada\",\"item\":\"https:\\\/\\\/bittelmobile.es\\\/\"},{\"@type\":\"ListItem\",\"position\":2,\"name\":\"Pol\u00edtica de cookies\"}]},{\"@type\":\"WebSite\",\"@id\":\"https:\\\/\\\/bittelmobile.es\\\/#website\",\"url\":\"https:\\\/\\\/bittelmobile.es\\\/\",\"name\":\"bittelmobile\",\"description\":\"\",\"publisher\":{\"@id\":\"https:\\\/\\\/bittelmobile.es\\\/#organization\"},\"potentialAction\":[{\"@type\":\"SearchAction\",\"target\":{\"@type\":\"EntryPoint\",\"urlTemplate\":\"https:\\\/\\\/bittelmobile.es\\\/?s={search_term_string}\"},\"query-input\":{\"@type\":\"PropertyValueSpecification\",\"valueRequired\":true,\"valueName\":\"search_term_string\"}}],\"inLanguage\":\"en-GB\"},{\"@type\":\"Organization\",\"@id\":\"https:\\\/\\\/bittelmobile.es\\\/#organization\",\"name\":\"bittelmobile\",\"url\":\"https:\\\/\\\/bittelmobile.es\\\/\",\"logo\":{\"@type\":\"ImageObject\",\"inLanguage\":\"en-GB\",\"@id\":\"https:\\\/\\\/bittelmobile.es\\\/#\\\/schema\\\/logo\\\/image\\\/\",\"url\":\"https:\\\/\\\/bittelmobile.es\\\/wp-content\\\/uploads\\\/2023\\\/03\\\/logo.png\",\"contentUrl\":\"https:\\\/\\\/bittelmobile.es\\\/wp-content\\\/uploads\\\/2023\\\/03\\\/logo.png\",\"width\":1920,\"height\":1280,\"caption\":\"bittelmobile\"},\"image\":{\"@id\":\"https:\\\/\\\/bittelmobile.es\\\/#\\\/schema\\\/logo\\\/image\\\/\"}}]}<\/script>\n<!-- \/ Yoast SEO plugin. -->","yoast_head_json":{"title":"Pol\u00edtica de cookies - BittelMobile","robots":{"index":"index","follow":"follow","max-snippet":"max-snippet:-1","max-image-preview":"max-image-preview:large","max-video-preview":"max-video-preview:-1"},"canonical":"https:\/\/bittelmobile.es\/en\/politica-de-cookies\/","og_locale":"en_GB","og_type":"article","og_title":"Pol\u00edtica de cookies - BittelMobile","og_description":"Una \u00abCookie\u00bb es un peque\u00f1o archivo que se almacena en el ordenador del usuario y nos permite reconocerle. El conjunto de \u00abcookies\u00bb nos ayuda a mejorar la calidad de nuestra web, permiti\u00e9ndonos controlar qu\u00e9 p\u00e1ginas encuentran nuestros usuarios \u00fatiles y cu\u00e1les no. Las cookies son esenciales para el funcionamiento de internet, aportando innumerables ventajas en&hellip;&nbsp;Read More &raquo;Pol\u00edtica de cookies","og_url":"https:\/\/bittelmobile.es\/en\/politica-de-cookies\/","og_site_name":"BittelMobile","article_modified_time":"2023-04-12T16:22:21+00:00","twitter_card":"summary_large_image","schema":{"@context":"https:\/\/schema.org","@graph":[{"@type":"WebPage","@id":"https:\/\/bittelmobile.es\/politica-de-cookies\/","url":"https:\/\/bittelmobile.es\/politica-de-cookies\/","name":"Pol\u00edtica de cookies - BittelMobile","isPartOf":{"@id":"https:\/\/bittelmobile.es\/#website"},"datePublished":"2023-03-21T12:36:43+00:00","dateModified":"2023-04-12T16:22:21+00:00","breadcrumb":{"@id":"https:\/\/bittelmobile.es\/politica-de-cookies\/#breadcrumb"},"inLanguage":"en-GB","potentialAction":[{"@type":"ReadAction","target":["https:\/\/bittelmobile.es\/politica-de-cookies\/"]}]},{"@type":"BreadcrumbList","@id":"https:\/\/bittelmobile.es\/politica-de-cookies\/#breadcrumb","itemListElement":[{"@type":"ListItem","position":1,"name":"Portada","item":"https:\/\/bittelmobile.es\/"},{"@type":"ListItem","position":2,"name":"Pol\u00edtica de cookies"}]},{"@type":"WebSite","@id":"https:\/\/bittelmobile.es\/#website","url":"https:\/\/bittelmobile.es\/","name":"bittelmobile","description":"","publisher":{"@id":"https:\/\/bittelmobile.es\/#organization"},"potentialAction":[{"@type":"SearchAction","target":{"@type":"EntryPoint","urlTemplate":"https:\/\/bittelmobile.es\/?s={search_term_string}"},"query-input":{"@type":"PropertyValueSpecification","valueRequired":true,"valueName":"search_term_string"}}],"inLanguage":"en-GB"},{"@type":"Organization","@id":"https:\/\/bittelmobile.es\/#organization","name":"bittelmobile","url":"https:\/\/bittelmobile.es\/","logo":{"@type":"ImageObject","inLanguage":"en-GB","@id":"https:\/\/bittelmobile.es\/#\/schema\/logo\/image\/","url":"https:\/\/bittelmobile.es\/wp-content\/uploads\/2023\/03\/logo.png","contentUrl":"https:\/\/bittelmobile.es\/wp-content\/uploads\/2023\/03\/logo.png","width":1920,"height":1280,"caption":"bittelmobile"},"image":{"@id":"https:\/\/bittelmobile.es\/#\/schema\/logo\/image\/"}}]}},"_links":{"self":[{"href":"https:\/\/bittelmobile.es\/en\/wp-json\/wp\/v2\/pages\/32","targetHints":{"allow":["GET"]}}],"collection":[{"href":"https:\/\/bittelmobile.es\/en\/wp-json\/wp\/v2\/pages"}],"about":[{"href":"https:\/\/bittelmobile.es\/en\/wp-json\/wp\/v2\/types\/page"}],"author":[{"embeddable":true,"href":"https:\/\/bittelmobile.es\/en\/wp-json\/wp\/v2\/users\/1"}],"replies":[{"embeddable":true,"href":"https:\/\/bittelmobile.es\/en\/wp-json\/wp\/v2\/comments?post=32"}],"version-history":[{"count":2,"href":"https:\/\/bittelmobile.es\/en\/wp-json\/wp\/v2\/pages\/32\/revisions"}],"predecessor-version":[{"id":467,"href":"https:\/\/bittelmobile.es\/en\/wp-json\/wp\/v2\/pages\/32\/revisions\/467"}],"wp:attachment":[{"href":"https:\/\/bittelmobile.es\/en\/wp-json\/wp\/v2\/media?parent=32"}],"curies":[{"name":"wp","href":"https:\/\/api.w.org\/{rel}","templated":true}]}}