{"id":727,"date":"2023-05-04T16:01:16","date_gmt":"2023-05-04T16:01:16","guid":{"rendered":"https:\/\/bittelmobile.es\/?page_id=727"},"modified":"2023-05-09T12:29:22","modified_gmt":"2023-05-09T12:29:22","slug":"accesibilidad","status":"publish","type":"page","link":"https:\/\/bittelmobile.es\/en\/accesibilidad\/","title":{"rendered":"Accessibility"},"content":{"rendered":"<div class=\"nv-page-title-wrap nv-big-title\">\n<div class=\"nv-page-title \">\n<h1>Accesibilidad<\/h1>\n<\/div>\n<\/div>\n<div class=\"nv-content-wrap entry-content\">\n<div class=\"block block-layout-builder block-field-blocknodepagebody\">\n<div class=\"clearfix text-formatted field field--name-body field--type-text-with-summary field--label-hidden field__item\">\n<h1><strong>Declaraci\u00f3n de Accesibilidad<\/strong><\/h1>\n<p>La presente declaraci\u00f3n de accesibilidad se aplica al sitio web\u00a0<a href=\"https:\/\/bittelmobile.es\/\">https:\/\/bittelmobile.es\/<\/a><\/p>\n<p>&nbsp;<\/p>\n<\/div>\n<\/div>\n<div class=\"block block-layout-builder block-inline-blockbasic\">\n<div>\n<div class=\"clearfix text-formatted field field--name-body field--type-text-with-summary field--label-hidden field__item\">\n<h2 id=\"situaciondecumplimiento\">SITUACI\u00d3N DE CUMPLIMIENTO<\/h2>\n<p>Este sitio web es parcialmente conforme con el\u00a0<a class=\"ext\" href=\"http:\/\/www.boe.es\/diario_boe\/txt.php?id=BOE-A-2018-12699\" target=\"_blank\" rel=\"noopener noreferrer\" data-extlink=\"\">RD 1112\/2018<\/a>\u00a0debido a las excepciones y a la falta de conformidad de los aspectos que se indican en el siguiente punto.<\/p>\n<h3>Medidas de apoyo a la accesibilidad<\/h3>\n<p>Bittelmobile.es toma las siguientes medidas para garantizar la accesibilidad de :<\/p>\n<ul id=\"statement-measures\" class=\"organizational-effort accessibility-measures\" data-print=\"accstmnt_orginfo_measures\" data-printfilter=\"capitalize\">\n<li>Incluir la accesibilidad en nuestras pol\u00edticas internas\u00a0 y asignar metas y responsabilidades de accesibilidad claras.<\/li>\n<\/ul>\n<\/div>\n<\/div>\n<\/div>\n<div class=\"block block-layout-builder block-inline-blockbasic\">\n<div class=\"clearfix text-formatted field field--name-body field--type-text-with-summary field--label-hidden field__item\">\n<h3 id=\"contenidonoaccesible\">CONTENIDO NO ACCESIBLE<\/h3>\n<p>El contenido que se recoge a continuaci\u00f3n no es accesible por lo siguiente:<\/p>\n<ul>\n<li>Falta de conformidad con el RD 1112\/2018<\/li>\n<\/ul>\n<p>Podr\u00edan existir algunos aspectos de contraste que no cumplan los m\u00ednimos exigidos, 3:1, con respecto a los colores adyacentes del fondo de la secci\u00f3n de la web en cuesti\u00f3n.\u00a0 [9.1.4.11 Contraste no textual]<\/p>\n<p>Podr\u00edan existir algunos elementos no textuales no etiquetados correctamente [2.5.3 Etiqueta en el nombre] y [4.1.2 Nombre funci\u00f3n y valor]<\/p>\n<p>Los buscadores buscan autom\u00e1ticamente sin necesidad de ordenar ninguna acci\u00f3n por parte del usuario [3.2.2 Al recibir entradas]<\/p>\n<p>Podr\u00edan existir algunos textos en otro idioma no etiquetados correctamente [3.1.2 Idioma de las partes]<\/p>\n<p>Podr\u00edan existir errores de c\u00f3digo puntuales de edici\u00f3n en alguna p\u00e1gina web. [4.1.1 Procesamiento]<\/p>\n<ul>\n<li>Carga desproporcionada<\/li>\n<\/ul>\n<p>No aplica.<\/p>\n<ul>\n<li>El contenido no entra dentro del \u00e1mbito de la legislaci\u00f3n aplicable<\/li>\n<\/ul>\n<p>&nbsp;<\/p>\n<\/div>\n<\/div>\n<div class=\"block block-layout-builder block-inline-blockbasic\">\n<div class=\"clearfix text-formatted field field--name-body field--type-text-with-summary field--label-hidden field__item\">\n<h3 id=\"preparaciondelasiguientedeclaraciondeaccesibilidad\">PREPARACI\u00d3N DE LA SIGUIENTE DECLARACI\u00d3N DE ACCESIBILIDAD<\/h3>\n<p>La presente declaraci\u00f3n fue preparada el 16 de diciembre de 2022.<\/p>\n<p>El m\u00e9todo empleado para preparar la declaraci\u00f3n ha sido una autoevaluaci\u00f3n llevada a cabo por el bittelmobile.es<\/p>\n<p>&nbsp;<\/p>\n<\/div>\n<\/div>\n<div class=\"block block-layout-builder block-inline-blockbasic\">\n<div class=\"clearfix text-formatted field field--name-body field--type-text-with-summary field--label-hidden field__item\">\n<h3 id=\"observacionesydatosdecontacto\">OBSERVACIONES Y DATOS DE CONTACTO<\/h3>\n<p>Puede realizar comunicaciones sobre requisitos de accesibilidad (articulo 10.2.a del RD 1112\/2018) como por ejemplo:<\/p>\n<ul>\n<li>Transmitir otras dificultades de acceso al contenido<\/li>\n<li>Informar sobre cualquier posible incumplimiento por parte de este sitio web<\/li>\n<li>Formular cualquier otra consulta o sugerencia de mejora relativa a la accesibilidad del sitio web<\/li>\n<\/ul>\n<p>A trav\u00e9s del\u00a0<a href=\"https:\/\/bittelmobile.es\/contacto\/\">formulario de contacto<\/a> de este sitio web o a trav\u00e9s del n\u00famero de tel\u00e9fono (+34) 982 721 205<\/p>\n<p><strong>Puede presentar:<\/strong><\/p>\n<p><strong>Queja\u00a0<\/strong>relativa al cumplimiento de los requisitos del RD 1112\/2018 o\u00a0<b>Solicitud de Informaci\u00f3n accesible<\/b>\u00a0relativa a:<\/p>\n<p>Contenidos\u00a0que est\u00e1n\u00a0excluidos\u00a0del\u00a0\u00e1mbito de aplicaci\u00f3n\u00a0del RD 1112\/2018 seg\u00fan lo establecido por el art\u00edculo 3, apartado 4<\/p>\n<p>Contenidos\u00a0que est\u00e1n\u00a0exentos\u00a0del\u00a0cumplimiento\u00a0de los requisitos de accesibilidad por imponer una\u00a0carga desproporcionada.<\/p>\n<p>En la Solicitud de informaci\u00f3n accesible, se debe concretar, con toda claridad, los hechos, razones y petici\u00f3n que permitan constatar que se trata de una solicitud razonable y leg\u00edtima.<\/p>\n<\/div>\n<div id=\"statement-conftech\" data-if=\"accstmnt_tech\">\n<h3>Especificaciones t\u00e9cnicas<\/h3>\n<p>Accesibilidad de bittelmobile.es se basa en las siguientes tecnolog\u00edas para funcionar con la combinaci\u00f3n particular de navegador web y cualquier tecnolog\u00eda de asistencia o complemento instalado en su computadora:<\/p>\n<p>\u2013\u00a0<strong>HTML , CSS\u00a0 y JavaScript<\/strong><\/p>\n<p>Se conf\u00eda en estas tecnolog\u00edas para cumplir con los est\u00e1ndares de accesibilidad utilizados.<\/p>\n<\/div>\n<div id=\"statement-assessment-block\" data-if=\"accstmnt_approach\">\n<h3>Enfoque de evaluaci\u00f3n<\/h3>\n<p><span class=\"basic-information organization-name\" data-print=\"accstmt_org\" data-printdefault=\"ORGANIZATION\">Se ha\u00a0<\/span>evaluado la accesibilidad de la web\u00a0 de\u00a0 https:\/\/bittelmobile.es\/\u00a0 mediante el\u00a0 enfoque de\u00a0 <strong>Autoevaluaci\u00f3n<\/strong><\/p>\n<\/div>\n<\/div>\n<div class=\"block block-layout-builder block-inline-blockbasic\">\n<div>\n<div class=\"clearfix text-formatted field field--name-body field--type-text-with-summary field--label-hidden field__item\">\n<h3 id=\"procedimientodeaplicacion\">PROCEDIMIENTO DE APLICACI\u00d3N<\/h3>\n<p>Si una vez realizada una solicitud de informaci\u00f3n accesible o queja, \u00e9sta hubiera sido desestimada, no se estuviera de acuerdo con la decisi\u00f3n adoptada, o la respuesta no cumpliera los requisitos contemplados en el art\u00edculo 12.5, la persona interesada podr\u00e1 iniciar una reclamaci\u00f3n. Igualmente se podr\u00e1 iniciar una reclamaci\u00f3n en el caso de que haya transcurrido el plazo de veinte d\u00edas h\u00e1biles sin haber obtenido respuesta.<\/p>\n<p>La reclamaci\u00f3n puede ser presentada trav\u00e9s de la Instancia Gen\u00e9rica de la Sede electr\u00f3nica del Ministerio de Asuntos Econ\u00f3micos y Transformaci\u00f3n Digital , as\u00ed como en el resto de opciones recogidas en la Ley 39\/ 2015, de 1 de octubre, del Procedimiento Administrativo Com\u00fan de las Administraciones P\u00fablicas.<br \/>\nLas reclamaciones ser\u00e1n recibidas y tratadas por la Subdirecci\u00f3n General de Inspecci\u00f3n de Servicios del Ministerio.<\/p>\n<\/div>\n<\/div>\n<\/div>\n<div class=\"block block-layout-builder block-inline-blockbasic\">\n<div>\n<div class=\"clearfix text-formatted field field--name-body field--type-text-with-summary field--label-hidden field__item\">\n<h3 id=\"contenidoopcional\">CONTENIDO OPCIONAL<\/h3>\n<p>Este portal esta dise\u00f1ado para poder cambiar el tama\u00f1o del texto y el color, as\u00ed\u00a0como el fondo de la pagina mediante las opciones de configuraci\u00f3n est\u00e1ndar de los navegadores.<\/p>\n<p>Si desea cambiar el tama\u00f1o de letra del texto en los principales navegadores gr\u00e1ficos utilice los siguientes men\u00fas:<\/p>\n<ul>\n<li>Internet Explorer, Mozilla y Firefox: Ver &gt; Tama\u00f1o del texto<\/li>\n<li>Opera: Ver &gt; Zoom<\/li>\n<li>Safari: Ver &gt; Hacer el texto mas grande<\/li>\n<li>Chrome: Controla la pagina actual &gt; Tama\u00f1o del texto<\/li>\n<li>Para modificar el tama\u00f1o de todo en la pagina:\n<ul>\n<li>Ctrl + + para aumentarlo<\/li>\n<li>Ctrl + \u2013 para disminuirlo<\/li>\n<li>Ctrl + 0 restaura el tama\u00f1o original del texto<\/li>\n<li>Si lo que quiere es anular la hoja de estilos o modificar el color del texto, puede consultar la pagina\u00a0<span lang=\"en\">How to Change Text Size or Colors<\/span>\u00a0de la WAI, que se puede leer traducida al espa\u00f1ol en \u00bfC\u00f3mo cambiar el tama\u00f1o del texto o colores?<\/li>\n<\/ul>\n<\/li>\n<\/ul>\n<\/div>\n<\/div>\n<\/div>\n<\/div>\n","protected":false},"excerpt":{"rendered":"<p>Accessibility Accessibility Statement This accessibility statement applies to the website https:\/\/bittelmobile.es\/ COMPLIANCE SITUATION This website is partially compliant with RD 1112\/2018 due to the exceptions and the lack of conformity of the aspects that are indicated in the next point. Measures to support accessibility Bittelmobile.es takes the\u2026&nbsp;<a href=\"https:\/\/bittelmobile.es\/en\/accesibilidad\/\" class=\"\" rel=\"bookmark\">Read More \u00bb<span class=\"screen-reader-text\">Accessibility<\/span><\/a><\/p>","protected":false},"author":2,"featured_media":0,"parent":0,"menu_order":0,"comment_status":"closed","ping_status":"closed","template":"","meta":{"neve_meta_sidebar":"","neve_meta_container":"","neve_meta_enable_content_width":"off","neve_meta_content_width":100,"neve_meta_title_alignment":"","neve_meta_author_avatar":"","neve_post_elements_order":"","neve_meta_disable_header":"","neve_meta_disable_footer":"","neve_meta_disable_title":"","footnotes":""},"class_list":["post-727","page","type-page","status-publish","hentry"],"yoast_head":"<!-- This site is optimized with the Yoast SEO plugin v27.3 - https:\/\/yoast.com\/product\/yoast-seo-wordpress\/ -->\n<title>Accesibilidad - BittelMobile<\/title>\n<meta name=\"robots\" content=\"index, follow, max-snippet:-1, max-image-preview:large, max-video-preview:-1\" \/>\n<link rel=\"canonical\" href=\"https:\/\/bittelmobile.es\/en\/accesibilidad\/\" \/>\n<meta property=\"og:locale\" content=\"en_GB\" \/>\n<meta property=\"og:type\" content=\"article\" \/>\n<meta property=\"og:title\" content=\"Accesibilidad - BittelMobile\" \/>\n<meta property=\"og:description\" content=\"Accesibilidad Declaraci\u00f3n de Accesibilidad La presente declaraci\u00f3n de accesibilidad se aplica al sitio web\u00a0https:\/\/bittelmobile.es\/ &nbsp; SITUACI\u00d3N DE CUMPLIMIENTO Este sitio web es parcialmente conforme con el\u00a0RD 1112\/2018\u00a0debido a las excepciones y a la falta de conformidad de los aspectos que se indican en el siguiente punto. Medidas de apoyo a la accesibilidad Bittelmobile.es toma las&hellip;&nbsp;Read More &raquo;Accesibilidad\" \/>\n<meta property=\"og:url\" content=\"https:\/\/bittelmobile.es\/en\/accesibilidad\/\" \/>\n<meta property=\"og:site_name\" content=\"BittelMobile\" \/>\n<meta property=\"article:modified_time\" content=\"2023-05-09T12:29:22+00:00\" \/>\n<meta name=\"twitter:card\" content=\"summary_large_image\" \/>\n<meta name=\"twitter:label1\" content=\"Estimated reading time\" \/>\n\t<meta name=\"twitter:data1\" content=\"4 minutes\" \/>\n<script type=\"application\/ld+json\" class=\"yoast-schema-graph\">{\"@context\":\"https:\\\/\\\/schema.org\",\"@graph\":[{\"@type\":\"WebPage\",\"@id\":\"https:\\\/\\\/bittelmobile.es\\\/accesibilidad\\\/\",\"url\":\"https:\\\/\\\/bittelmobile.es\\\/accesibilidad\\\/\",\"name\":\"Accesibilidad - BittelMobile\",\"isPartOf\":{\"@id\":\"https:\\\/\\\/bittelmobile.es\\\/#website\"},\"datePublished\":\"2023-05-04T16:01:16+00:00\",\"dateModified\":\"2023-05-09T12:29:22+00:00\",\"breadcrumb\":{\"@id\":\"https:\\\/\\\/bittelmobile.es\\\/accesibilidad\\\/#breadcrumb\"},\"inLanguage\":\"en-GB\",\"potentialAction\":[{\"@type\":\"ReadAction\",\"target\":[\"https:\\\/\\\/bittelmobile.es\\\/accesibilidad\\\/\"]}]},{\"@type\":\"BreadcrumbList\",\"@id\":\"https:\\\/\\\/bittelmobile.es\\\/accesibilidad\\\/#breadcrumb\",\"itemListElement\":[{\"@type\":\"ListItem\",\"position\":1,\"name\":\"Portada\",\"item\":\"https:\\\/\\\/bittelmobile.es\\\/\"},{\"@type\":\"ListItem\",\"position\":2,\"name\":\"Accesibilidad\"}]},{\"@type\":\"WebSite\",\"@id\":\"https:\\\/\\\/bittelmobile.es\\\/#website\",\"url\":\"https:\\\/\\\/bittelmobile.es\\\/\",\"name\":\"bittelmobile\",\"description\":\"\",\"publisher\":{\"@id\":\"https:\\\/\\\/bittelmobile.es\\\/#organization\"},\"potentialAction\":[{\"@type\":\"SearchAction\",\"target\":{\"@type\":\"EntryPoint\",\"urlTemplate\":\"https:\\\/\\\/bittelmobile.es\\\/?s={search_term_string}\"},\"query-input\":{\"@type\":\"PropertyValueSpecification\",\"valueRequired\":true,\"valueName\":\"search_term_string\"}}],\"inLanguage\":\"en-GB\"},{\"@type\":\"Organization\",\"@id\":\"https:\\\/\\\/bittelmobile.es\\\/#organization\",\"name\":\"bittelmobile\",\"url\":\"https:\\\/\\\/bittelmobile.es\\\/\",\"logo\":{\"@type\":\"ImageObject\",\"inLanguage\":\"en-GB\",\"@id\":\"https:\\\/\\\/bittelmobile.es\\\/#\\\/schema\\\/logo\\\/image\\\/\",\"url\":\"https:\\\/\\\/bittelmobile.es\\\/wp-content\\\/uploads\\\/2023\\\/03\\\/logo.png\",\"contentUrl\":\"https:\\\/\\\/bittelmobile.es\\\/wp-content\\\/uploads\\\/2023\\\/03\\\/logo.png\",\"width\":1920,\"height\":1280,\"caption\":\"bittelmobile\"},\"image\":{\"@id\":\"https:\\\/\\\/bittelmobile.es\\\/#\\\/schema\\\/logo\\\/image\\\/\"}}]}<\/script>\n<!-- \/ Yoast SEO plugin. -->","yoast_head_json":{"title":"Accesibilidad - BittelMobile","robots":{"index":"index","follow":"follow","max-snippet":"max-snippet:-1","max-image-preview":"max-image-preview:large","max-video-preview":"max-video-preview:-1"},"canonical":"https:\/\/bittelmobile.es\/en\/accesibilidad\/","og_locale":"en_GB","og_type":"article","og_title":"Accesibilidad - BittelMobile","og_description":"Accesibilidad Declaraci\u00f3n de Accesibilidad La presente declaraci\u00f3n de accesibilidad se aplica al sitio web\u00a0https:\/\/bittelmobile.es\/ &nbsp; SITUACI\u00d3N DE CUMPLIMIENTO Este sitio web es parcialmente conforme con el\u00a0RD 1112\/2018\u00a0debido a las excepciones y a la falta de conformidad de los aspectos que se indican en el siguiente punto. Medidas de apoyo a la accesibilidad Bittelmobile.es toma las&hellip;&nbsp;Read More &raquo;Accesibilidad","og_url":"https:\/\/bittelmobile.es\/en\/accesibilidad\/","og_site_name":"BittelMobile","article_modified_time":"2023-05-09T12:29:22+00:00","twitter_card":"summary_large_image","twitter_misc":{"Estimated reading time":"4 minutes"},"schema":{"@context":"https:\/\/schema.org","@graph":[{"@type":"WebPage","@id":"https:\/\/bittelmobile.es\/accesibilidad\/","url":"https:\/\/bittelmobile.es\/accesibilidad\/","name":"Accesibilidad - BittelMobile","isPartOf":{"@id":"https:\/\/bittelmobile.es\/#website"},"datePublished":"2023-05-04T16:01:16+00:00","dateModified":"2023-05-09T12:29:22+00:00","breadcrumb":{"@id":"https:\/\/bittelmobile.es\/accesibilidad\/#breadcrumb"},"inLanguage":"en-GB","potentialAction":[{"@type":"ReadAction","target":["https:\/\/bittelmobile.es\/accesibilidad\/"]}]},{"@type":"BreadcrumbList","@id":"https:\/\/bittelmobile.es\/accesibilidad\/#breadcrumb","itemListElement":[{"@type":"ListItem","position":1,"name":"Portada","item":"https:\/\/bittelmobile.es\/"},{"@type":"ListItem","position":2,"name":"Accesibilidad"}]},{"@type":"WebSite","@id":"https:\/\/bittelmobile.es\/#website","url":"https:\/\/bittelmobile.es\/","name":"bittelmobile","description":"","publisher":{"@id":"https:\/\/bittelmobile.es\/#organization"},"potentialAction":[{"@type":"SearchAction","target":{"@type":"EntryPoint","urlTemplate":"https:\/\/bittelmobile.es\/?s={search_term_string}"},"query-input":{"@type":"PropertyValueSpecification","valueRequired":true,"valueName":"search_term_string"}}],"inLanguage":"en-GB"},{"@type":"Organization","@id":"https:\/\/bittelmobile.es\/#organization","name":"bittelmobile","url":"https:\/\/bittelmobile.es\/","logo":{"@type":"ImageObject","inLanguage":"en-GB","@id":"https:\/\/bittelmobile.es\/#\/schema\/logo\/image\/","url":"https:\/\/bittelmobile.es\/wp-content\/uploads\/2023\/03\/logo.png","contentUrl":"https:\/\/bittelmobile.es\/wp-content\/uploads\/2023\/03\/logo.png","width":1920,"height":1280,"caption":"bittelmobile"},"image":{"@id":"https:\/\/bittelmobile.es\/#\/schema\/logo\/image\/"}}]}},"_links":{"self":[{"href":"https:\/\/bittelmobile.es\/en\/wp-json\/wp\/v2\/pages\/727","targetHints":{"allow":["GET"]}}],"collection":[{"href":"https:\/\/bittelmobile.es\/en\/wp-json\/wp\/v2\/pages"}],"about":[{"href":"https:\/\/bittelmobile.es\/en\/wp-json\/wp\/v2\/types\/page"}],"author":[{"embeddable":true,"href":"https:\/\/bittelmobile.es\/en\/wp-json\/wp\/v2\/users\/2"}],"replies":[{"embeddable":true,"href":"https:\/\/bittelmobile.es\/en\/wp-json\/wp\/v2\/comments?post=727"}],"version-history":[{"count":4,"href":"https:\/\/bittelmobile.es\/en\/wp-json\/wp\/v2\/pages\/727\/revisions"}],"predecessor-version":[{"id":823,"href":"https:\/\/bittelmobile.es\/en\/wp-json\/wp\/v2\/pages\/727\/revisions\/823"}],"wp:attachment":[{"href":"https:\/\/bittelmobile.es\/en\/wp-json\/wp\/v2\/media?parent=727"}],"curies":[{"name":"wp","href":"https:\/\/api.w.org\/{rel}","templated":true}]}}