{"id":755,"date":"2023-05-08T09:04:08","date_gmt":"2023-05-08T09:04:08","guid":{"rendered":"https:\/\/bittelmobile.es\/?page_id=755"},"modified":"2023-05-08T10:41:02","modified_gmt":"2023-05-08T10:41:02","slug":"condiciones-particulares","status":"publish","type":"page","link":"https:\/\/bittelmobile.es\/en\/condiciones-particulares\/","title":{"rendered":"Condiciones particulares"},"content":{"rendered":"<p><strong>GENERAL CONTRACT CONDITIONS<\/strong><\/p>\n<p><strong>INFORMATION PRIOR TO RECRUITMENT<\/strong><br \/>\nThe General Contracting Conditions (hereinafter, the \u201cGeneral Conditions\u201d) are set out below, together, where applicable, the Particular Conditions that may be established (hereinafter, the \u201cParticular Conditions\u201d), which will expressly regulate the access, use and remote buying and selling through the website of the OWNER OF THE WEBSITE https:\/\/bittelmobile.es\/<\/p>\n<p>These General Conditions will have an indefinite period of validity and will be applicable to all commercial operations of purchase and sale of articles and\/or products carried out through the site&#039;s online store.<\/p>\n<p>These General Conditions will remain in force and will be valid for as long as they are accessible through the site.<\/p>\n<p>THE OWNER OF THE WEBSITE reserves the right to unilaterally modify, and without prior notice, these General Conditions, without this affecting the articles and\/or products that were purchased prior to the modification.<\/p>\n<p>&nbsp;<\/p>\n<p>The CLIENT will be subject to the General Conditions in force at the time of placing their order. Their temporary validity coincides with the time of their exhibition, until the moment in which they are totally or partially modified.<\/p>\n<p>The New Conditions will be applicable from the moment they are made available to the CUSTOMER.<\/p>\n<p>THE OWNER OF THE WEBSITE informs that the CLIENT can access the General Conditions by clicking on the link \u201cGeneral Contracting Conditions\u201d. We recommend that the CUSTOMER periodically consult the General Conditions, as they may be subject to modifications. You can consult the current version of these conditions at any time on the website.<\/p>\n<p>In the event of a contradiction between the terms and conditions stated in these General Conditions and the Specific Conditions, the conditions agreed in the latter instrument will always prevail with respect to those incompatible terms, and only with respect to those products subject to said specific conditions.<br \/>\nAcceptance of this contractual document means that the CLIENT:<\/p>\n<p>1. You have read, understand and understand what is stated here.<br \/>\n2.That it is a natural person or represents a legal entity with sufficient capacity to contract.<br \/>\n3.That assumes all the conditions and obligations set forth herein.<br \/>\n4.INVOLVERS AND IDENTITY OF THE PARTIES<br \/>\nFrom one side,<\/p>\n<p>&nbsp;<\/p>","protected":false},"excerpt":{"rendered":"<p>CONDICIONES GENERALES DE CONTRATACI\u00d3N INFORMACI\u00d3N PREVIA A LA CONTRATACI\u00d3N A continuaci\u00f3n se exponen las Condiciones Generales de Contrataci\u00f3n (en adelante, las \u201cCondiciones Generales\u201d), junto, en su caso, las Condiciones Particulares que puedan establecerse (en adelante, las \u201cCondiciones Particulares\u201d), que regular\u00e1n expresamente el acceso, utilizaci\u00f3n y la compra-venta a distancia a trav\u00e9s del sitio web del&hellip;&nbsp;<a href=\"https:\/\/bittelmobile.es\/en\/condiciones-particulares\/\" class=\"\" rel=\"bookmark\">Read More \u00bb<span class=\"screen-reader-text\">Condiciones particulares<\/span><\/a><\/p>","protected":false},"author":2,"featured_media":0,"parent":0,"menu_order":0,"comment_status":"closed","ping_status":"closed","template":"","meta":{"neve_meta_sidebar":"","neve_meta_container":"","neve_meta_enable_content_width":"off","neve_meta_content_width":100,"neve_meta_title_alignment":"","neve_meta_author_avatar":"","neve_post_elements_order":"","neve_meta_disable_header":"","neve_meta_disable_footer":"","neve_meta_disable_title":"","footnotes":""},"class_list":["post-755","page","type-page","status-publish","hentry"],"yoast_head":"<!-- This site is optimized with the Yoast SEO plugin v27.3 - https:\/\/yoast.com\/product\/yoast-seo-wordpress\/ -->\n<title>Condiciones particulares - BittelMobile<\/title>\n<meta name=\"robots\" content=\"index, follow, max-snippet:-1, max-image-preview:large, max-video-preview:-1\" \/>\n<link rel=\"canonical\" href=\"https:\/\/bittelmobile.es\/en\/condiciones-particulares\/\" \/>\n<meta property=\"og:locale\" content=\"en_GB\" \/>\n<meta property=\"og:type\" content=\"article\" \/>\n<meta property=\"og:title\" content=\"Condiciones particulares - BittelMobile\" \/>\n<meta property=\"og:description\" content=\"CONDICIONES GENERALES DE CONTRATACI\u00d3N INFORMACI\u00d3N PREVIA A LA CONTRATACI\u00d3N A continuaci\u00f3n se exponen las Condiciones Generales de Contrataci\u00f3n (en adelante, las \u201cCondiciones Generales\u201d), junto, en su caso, las Condiciones Particulares que puedan establecerse (en adelante, las \u201cCondiciones Particulares\u201d), que regular\u00e1n expresamente el acceso, utilizaci\u00f3n y la compra-venta a distancia a trav\u00e9s del sitio web del&hellip;&nbsp;Read More &raquo;Condiciones particulares\" \/>\n<meta property=\"og:url\" content=\"https:\/\/bittelmobile.es\/en\/condiciones-particulares\/\" \/>\n<meta property=\"og:site_name\" content=\"BittelMobile\" \/>\n<meta property=\"article:modified_time\" content=\"2023-05-08T10:41:02+00:00\" \/>\n<meta name=\"twitter:card\" content=\"summary_large_image\" \/>\n<meta name=\"twitter:label1\" content=\"Estimated reading time\" \/>\n\t<meta name=\"twitter:data1\" content=\"2 minutes\" \/>\n<script type=\"application\/ld+json\" class=\"yoast-schema-graph\">{\"@context\":\"https:\\\/\\\/schema.org\",\"@graph\":[{\"@type\":\"WebPage\",\"@id\":\"https:\\\/\\\/bittelmobile.es\\\/condiciones-particulares\\\/\",\"url\":\"https:\\\/\\\/bittelmobile.es\\\/condiciones-particulares\\\/\",\"name\":\"Condiciones particulares - BittelMobile\",\"isPartOf\":{\"@id\":\"https:\\\/\\\/bittelmobile.es\\\/#website\"},\"datePublished\":\"2023-05-08T09:04:08+00:00\",\"dateModified\":\"2023-05-08T10:41:02+00:00\",\"breadcrumb\":{\"@id\":\"https:\\\/\\\/bittelmobile.es\\\/condiciones-particulares\\\/#breadcrumb\"},\"inLanguage\":\"en-GB\",\"potentialAction\":[{\"@type\":\"ReadAction\",\"target\":[\"https:\\\/\\\/bittelmobile.es\\\/condiciones-particulares\\\/\"]}]},{\"@type\":\"BreadcrumbList\",\"@id\":\"https:\\\/\\\/bittelmobile.es\\\/condiciones-particulares\\\/#breadcrumb\",\"itemListElement\":[{\"@type\":\"ListItem\",\"position\":1,\"name\":\"Portada\",\"item\":\"https:\\\/\\\/bittelmobile.es\\\/\"},{\"@type\":\"ListItem\",\"position\":2,\"name\":\"Condiciones particulares\"}]},{\"@type\":\"WebSite\",\"@id\":\"https:\\\/\\\/bittelmobile.es\\\/#website\",\"url\":\"https:\\\/\\\/bittelmobile.es\\\/\",\"name\":\"bittelmobile\",\"description\":\"\",\"publisher\":{\"@id\":\"https:\\\/\\\/bittelmobile.es\\\/#organization\"},\"potentialAction\":[{\"@type\":\"SearchAction\",\"target\":{\"@type\":\"EntryPoint\",\"urlTemplate\":\"https:\\\/\\\/bittelmobile.es\\\/?s={search_term_string}\"},\"query-input\":{\"@type\":\"PropertyValueSpecification\",\"valueRequired\":true,\"valueName\":\"search_term_string\"}}],\"inLanguage\":\"en-GB\"},{\"@type\":\"Organization\",\"@id\":\"https:\\\/\\\/bittelmobile.es\\\/#organization\",\"name\":\"bittelmobile\",\"url\":\"https:\\\/\\\/bittelmobile.es\\\/\",\"logo\":{\"@type\":\"ImageObject\",\"inLanguage\":\"en-GB\",\"@id\":\"https:\\\/\\\/bittelmobile.es\\\/#\\\/schema\\\/logo\\\/image\\\/\",\"url\":\"https:\\\/\\\/bittelmobile.es\\\/wp-content\\\/uploads\\\/2023\\\/03\\\/logo.png\",\"contentUrl\":\"https:\\\/\\\/bittelmobile.es\\\/wp-content\\\/uploads\\\/2023\\\/03\\\/logo.png\",\"width\":1920,\"height\":1280,\"caption\":\"bittelmobile\"},\"image\":{\"@id\":\"https:\\\/\\\/bittelmobile.es\\\/#\\\/schema\\\/logo\\\/image\\\/\"}}]}<\/script>\n<!-- \/ Yoast SEO plugin. -->","yoast_head_json":{"title":"Condiciones particulares - BittelMobile","robots":{"index":"index","follow":"follow","max-snippet":"max-snippet:-1","max-image-preview":"max-image-preview:large","max-video-preview":"max-video-preview:-1"},"canonical":"https:\/\/bittelmobile.es\/en\/condiciones-particulares\/","og_locale":"en_GB","og_type":"article","og_title":"Condiciones particulares - BittelMobile","og_description":"CONDICIONES GENERALES DE CONTRATACI\u00d3N INFORMACI\u00d3N PREVIA A LA CONTRATACI\u00d3N A continuaci\u00f3n se exponen las Condiciones Generales de Contrataci\u00f3n (en adelante, las \u201cCondiciones Generales\u201d), junto, en su caso, las Condiciones Particulares que puedan establecerse (en adelante, las \u201cCondiciones Particulares\u201d), que regular\u00e1n expresamente el acceso, utilizaci\u00f3n y la compra-venta a distancia a trav\u00e9s del sitio web del&hellip;&nbsp;Read More &raquo;Condiciones particulares","og_url":"https:\/\/bittelmobile.es\/en\/condiciones-particulares\/","og_site_name":"BittelMobile","article_modified_time":"2023-05-08T10:41:02+00:00","twitter_card":"summary_large_image","twitter_misc":{"Estimated reading time":"2 minutes"},"schema":{"@context":"https:\/\/schema.org","@graph":[{"@type":"WebPage","@id":"https:\/\/bittelmobile.es\/condiciones-particulares\/","url":"https:\/\/bittelmobile.es\/condiciones-particulares\/","name":"Condiciones particulares - BittelMobile","isPartOf":{"@id":"https:\/\/bittelmobile.es\/#website"},"datePublished":"2023-05-08T09:04:08+00:00","dateModified":"2023-05-08T10:41:02+00:00","breadcrumb":{"@id":"https:\/\/bittelmobile.es\/condiciones-particulares\/#breadcrumb"},"inLanguage":"en-GB","potentialAction":[{"@type":"ReadAction","target":["https:\/\/bittelmobile.es\/condiciones-particulares\/"]}]},{"@type":"BreadcrumbList","@id":"https:\/\/bittelmobile.es\/condiciones-particulares\/#breadcrumb","itemListElement":[{"@type":"ListItem","position":1,"name":"Portada","item":"https:\/\/bittelmobile.es\/"},{"@type":"ListItem","position":2,"name":"Condiciones particulares"}]},{"@type":"WebSite","@id":"https:\/\/bittelmobile.es\/#website","url":"https:\/\/bittelmobile.es\/","name":"bittelmobile","description":"","publisher":{"@id":"https:\/\/bittelmobile.es\/#organization"},"potentialAction":[{"@type":"SearchAction","target":{"@type":"EntryPoint","urlTemplate":"https:\/\/bittelmobile.es\/?s={search_term_string}"},"query-input":{"@type":"PropertyValueSpecification","valueRequired":true,"valueName":"search_term_string"}}],"inLanguage":"en-GB"},{"@type":"Organization","@id":"https:\/\/bittelmobile.es\/#organization","name":"bittelmobile","url":"https:\/\/bittelmobile.es\/","logo":{"@type":"ImageObject","inLanguage":"en-GB","@id":"https:\/\/bittelmobile.es\/#\/schema\/logo\/image\/","url":"https:\/\/bittelmobile.es\/wp-content\/uploads\/2023\/03\/logo.png","contentUrl":"https:\/\/bittelmobile.es\/wp-content\/uploads\/2023\/03\/logo.png","width":1920,"height":1280,"caption":"bittelmobile"},"image":{"@id":"https:\/\/bittelmobile.es\/#\/schema\/logo\/image\/"}}]}},"_links":{"self":[{"href":"https:\/\/bittelmobile.es\/en\/wp-json\/wp\/v2\/pages\/755","targetHints":{"allow":["GET"]}}],"collection":[{"href":"https:\/\/bittelmobile.es\/en\/wp-json\/wp\/v2\/pages"}],"about":[{"href":"https:\/\/bittelmobile.es\/en\/wp-json\/wp\/v2\/types\/page"}],"author":[{"embeddable":true,"href":"https:\/\/bittelmobile.es\/en\/wp-json\/wp\/v2\/users\/2"}],"replies":[{"embeddable":true,"href":"https:\/\/bittelmobile.es\/en\/wp-json\/wp\/v2\/comments?post=755"}],"version-history":[{"count":5,"href":"https:\/\/bittelmobile.es\/en\/wp-json\/wp\/v2\/pages\/755\/revisions"}],"predecessor-version":[{"id":763,"href":"https:\/\/bittelmobile.es\/en\/wp-json\/wp\/v2\/pages\/755\/revisions\/763"}],"wp:attachment":[{"href":"https:\/\/bittelmobile.es\/en\/wp-json\/wp\/v2\/media?parent=755"}],"curies":[{"name":"wp","href":"https:\/\/api.w.org\/{rel}","templated":true}]}}