{"id":901,"date":"2023-06-30T11:33:09","date_gmt":"2023-06-30T11:33:09","guid":{"rendered":"https:\/\/bittelmobile.es\/?page_id=901"},"modified":"2024-04-17T10:20:30","modified_gmt":"2024-04-17T10:20:30","slug":"comunicacionde-los-aspectos-ambientales","status":"publish","type":"page","link":"https:\/\/bittelmobile.es\/en\/comunicacionde-los-aspectos-ambientales\/","title":{"rendered":"COMMUNICATION OF ENVIRONMENTAL ASPECTS"},"content":{"rendered":"<div data-elementor-type=\"wp-page\" data-elementor-id=\"901\" class=\"elementor elementor-901\">\n\t\t\t\t\t\t\t\t\t<section class=\"elementor-section elementor-top-section elementor-element elementor-element-7f337097 elementor-section-boxed elementor-section-height-default elementor-section-height-default\" data-id=\"7f337097\" data-element_type=\"section\">\n\t\t\t\t\t\t<div class=\"elementor-container elementor-column-gap-default\">\n\t\t\t\t\t<div class=\"elementor-column elementor-col-100 elementor-top-column elementor-element elementor-element-5d33e1c6\" data-id=\"5d33e1c6\" data-element_type=\"column\">\n\t\t\t<div class=\"elementor-widget-wrap elementor-element-populated\">\n\t\t\t\t\t\t\t\t<div class=\"elementor-element elementor-element-39964db6 elementor-widget elementor-widget-text-editor\" data-id=\"39964db6\" data-element_type=\"widget\" data-widget_type=\"text-editor.default\">\n\t\t\t\t<div class=\"elementor-widget-container\">\n\t\t\t<style>\/*! elementor - v3.18.0 - 20-12-2023 *\/\n.elementor-widget-text-editor.elementor-drop-cap-view-stacked .elementor-drop-cap{background-color:#69727d;color:#fff}.elementor-widget-text-editor.elementor-drop-cap-view-framed .elementor-drop-cap{color:#69727d;border:3px solid;background-color:transparent}.elementor-widget-text-editor:not(.elementor-drop-cap-view-default) .elementor-drop-cap{margin-top:8px}.elementor-widget-text-editor:not(.elementor-drop-cap-view-default) .elementor-drop-cap-letter{width:1em;height:1em}.elementor-widget-text-editor .elementor-drop-cap{float:left;text-align:center;line-height:1;font-size:50px}.elementor-widget-text-editor .elementor-drop-cap-letter{display:inline-block}<\/style>\t\t\t\t<p>COMMUNICATION ON THE MOST SIGNIFICANT ENVIRONMENTAL ASPECTS<\/p>\n<p>In accordance with the International Standard ISO 14001:2015 and within the scope of application of the System of<br>\nIntegral Management, EXTEL FACILITIES, REGANET NETWORKS AND ATLAS MONTAJES E INGENIERIA, decides<br>\nCommunicate to all its stakeholders the most significant environmental aspects that have been<br>\nidentified and evaluated in the development of its activity.<\/p>\n<p>DEFINITION OF ENVIRONMENTAL ASPECT: Element of the activities, products or services of an<br>\norganization that can interact with the environment.<\/p>\n<p>&nbsp;<\/p>\n<p><img fetchpriority=\"high\" decoding=\"async\" class=\"alignnone wp-image-902 size-full\" src=\"https:\/\/bittelmobile.es\/wp-content\/uploads\/2023\/06\/tabla.jpg\" alt=\"\" width=\"944\" height=\"440\" srcset=\"https:\/\/bittelmobile.es\/wp-content\/uploads\/2023\/06\/tabla.jpg 944w, https:\/\/bittelmobile.es\/wp-content\/uploads\/2023\/06\/tabla-300x140.jpg 300w, https:\/\/bittelmobile.es\/wp-content\/uploads\/2023\/06\/tabla-768x358.jpg 768w, https:\/\/bittelmobile.es\/wp-content\/uploads\/2023\/06\/tabla-18x8.jpg 18w\" sizes=\"(max-width: 944px) 100vw, 944px\" \/><\/p>\n<p>&nbsp;<\/p>\n<p>Finally, EXTEL FACILITIES, REGANET NETWORKS AND ATLAS MONTAJES E INGENIERIA wishes to<br>\nexpress its commitment to the environment, marking as one of its Objectives<br>\nEnvironmental, the minimization of these aspects.<\/p>\n<p>&nbsp;<\/p>\t\t\t\t\t\t<\/div>\n\t\t\t\t<\/div>\n\t\t\t\t\t<\/div>\n\t\t<\/div>\n\t\t\t\t\t\t\t<\/div>\n\t\t<\/section>\n\t\t\t\t\t\t\t<\/div>","protected":false},"excerpt":{"rendered":"<p>COMMUNICATION OF THE MOST SIGNIFICANT ENVIRONMENTAL ASPECTS In accordance with the International Standard ISO 14001:2015 and within the scope of application of the Comprehensive Management System, EXTEL FACILITIES, REGANET NETWORKS AND ATLAS MONTAJES E INGENIERIA, decides to communicate the environmental aspects to all its stakeholders. most significant that have been identified and evaluated in the development\u2026&nbsp;<a href=\"https:\/\/bittelmobile.es\/en\/comunicacionde-los-aspectos-ambientales\/\" class=\"\" rel=\"bookmark\">Read More \u00bb<span class=\"screen-reader-text\">COMMUNICATION OF ENVIRONMENTAL ASPECTS<\/span><\/a><\/p>","protected":false},"author":2,"featured_media":0,"parent":0,"menu_order":0,"comment_status":"closed","ping_status":"closed","template":"","meta":{"neve_meta_sidebar":"","neve_meta_container":"","neve_meta_enable_content_width":"off","neve_meta_content_width":100,"neve_meta_title_alignment":"","neve_meta_author_avatar":"","neve_post_elements_order":"","neve_meta_disable_header":"","neve_meta_disable_footer":"","neve_meta_disable_title":"","footnotes":""},"class_list":["post-901","page","type-page","status-publish","hentry"],"yoast_head":"<!-- This site is optimized with the Yoast SEO plugin v27.4 - https:\/\/yoast.com\/product\/yoast-seo-wordpress\/ -->\n<title>COMUNICACI\u00d3NDE LOS ASPECTOS AMBIENTALES - BittelMobile<\/title>\n<meta name=\"robots\" content=\"index, follow, max-snippet:-1, max-image-preview:large, max-video-preview:-1\" \/>\n<link rel=\"canonical\" href=\"https:\/\/bittelmobile.es\/en\/comunicacionde-los-aspectos-ambientales\/\" \/>\n<meta property=\"og:locale\" content=\"en_GB\" \/>\n<meta property=\"og:type\" content=\"article\" \/>\n<meta property=\"og:title\" content=\"COMUNICACI\u00d3NDE LOS ASPECTOS AMBIENTALES - BittelMobile\" \/>\n<meta property=\"og:description\" content=\"COMUNICADO DE LOS ASPECTOS AMBIENTALESM\u00c1S SIGNIFICATIVOS Atendiendo a la Norma Internacional ISO 14001:2015 y dentro del \u00e1mbito de aplicaci\u00f3n del Sistema de gesti\u00f3n Integral, EXTEL FACILITIES, REGANET NETWORKS Y ATLAS MONTAJES E INGENIERIA, decide comunicar a todos sus grupos de inter\u00e9s, los aspectos ambientales m\u00e1s significativos que se han identificado y evaluado en el desarrollo&hellip;&nbsp;Read More &raquo;COMUNICACI\u00d3NDE LOS ASPECTOS AMBIENTALES\" \/>\n<meta property=\"og:url\" content=\"https:\/\/bittelmobile.es\/en\/comunicacionde-los-aspectos-ambientales\/\" \/>\n<meta property=\"og:site_name\" content=\"BittelMobile\" \/>\n<meta property=\"article:modified_time\" content=\"2024-04-17T10:20:30+00:00\" \/>\n<meta property=\"og:image\" content=\"https:\/\/bittelmobile.es\/wp-content\/uploads\/2023\/06\/tabla.jpg\" \/>\n<meta name=\"twitter:card\" content=\"summary_large_image\" \/>\n<meta name=\"twitter:label1\" content=\"Estimated reading time\" \/>\n\t<meta name=\"twitter:data1\" content=\"1 minute\" \/>\n<script type=\"application\/ld+json\" class=\"yoast-schema-graph\">{\"@context\":\"https:\\\/\\\/schema.org\",\"@graph\":[{\"@type\":\"WebPage\",\"@id\":\"https:\\\/\\\/bittelmobile.es\\\/comunicacionde-los-aspectos-ambientales\\\/\",\"url\":\"https:\\\/\\\/bittelmobile.es\\\/comunicacionde-los-aspectos-ambientales\\\/\",\"name\":\"COMUNICACI\u00d3NDE LOS ASPECTOS AMBIENTALES - BittelMobile\",\"isPartOf\":{\"@id\":\"https:\\\/\\\/bittelmobile.es\\\/#website\"},\"primaryImageOfPage\":{\"@id\":\"https:\\\/\\\/bittelmobile.es\\\/comunicacionde-los-aspectos-ambientales\\\/#primaryimage\"},\"image\":{\"@id\":\"https:\\\/\\\/bittelmobile.es\\\/comunicacionde-los-aspectos-ambientales\\\/#primaryimage\"},\"thumbnailUrl\":\"https:\\\/\\\/bittelmobile.es\\\/wp-content\\\/uploads\\\/2023\\\/06\\\/tabla.jpg\",\"datePublished\":\"2023-06-30T11:33:09+00:00\",\"dateModified\":\"2024-04-17T10:20:30+00:00\",\"breadcrumb\":{\"@id\":\"https:\\\/\\\/bittelmobile.es\\\/comunicacionde-los-aspectos-ambientales\\\/#breadcrumb\"},\"inLanguage\":\"en-GB\",\"potentialAction\":[{\"@type\":\"ReadAction\",\"target\":[\"https:\\\/\\\/bittelmobile.es\\\/comunicacionde-los-aspectos-ambientales\\\/\"]}]},{\"@type\":\"ImageObject\",\"inLanguage\":\"en-GB\",\"@id\":\"https:\\\/\\\/bittelmobile.es\\\/comunicacionde-los-aspectos-ambientales\\\/#primaryimage\",\"url\":\"https:\\\/\\\/bittelmobile.es\\\/wp-content\\\/uploads\\\/2023\\\/06\\\/tabla.jpg\",\"contentUrl\":\"https:\\\/\\\/bittelmobile.es\\\/wp-content\\\/uploads\\\/2023\\\/06\\\/tabla.jpg\"},{\"@type\":\"BreadcrumbList\",\"@id\":\"https:\\\/\\\/bittelmobile.es\\\/comunicacionde-los-aspectos-ambientales\\\/#breadcrumb\",\"itemListElement\":[{\"@type\":\"ListItem\",\"position\":1,\"name\":\"Portada\",\"item\":\"https:\\\/\\\/bittelmobile.es\\\/\"},{\"@type\":\"ListItem\",\"position\":2,\"name\":\"COMUNICACI\u00d3NDE LOS ASPECTOS AMBIENTALES\"}]},{\"@type\":\"WebSite\",\"@id\":\"https:\\\/\\\/bittelmobile.es\\\/#website\",\"url\":\"https:\\\/\\\/bittelmobile.es\\\/\",\"name\":\"bittelmobile\",\"description\":\"\",\"publisher\":{\"@id\":\"https:\\\/\\\/bittelmobile.es\\\/#organization\"},\"potentialAction\":[{\"@type\":\"SearchAction\",\"target\":{\"@type\":\"EntryPoint\",\"urlTemplate\":\"https:\\\/\\\/bittelmobile.es\\\/?s={search_term_string}\"},\"query-input\":{\"@type\":\"PropertyValueSpecification\",\"valueRequired\":true,\"valueName\":\"search_term_string\"}}],\"inLanguage\":\"en-GB\"},{\"@type\":\"Organization\",\"@id\":\"https:\\\/\\\/bittelmobile.es\\\/#organization\",\"name\":\"bittelmobile\",\"url\":\"https:\\\/\\\/bittelmobile.es\\\/\",\"logo\":{\"@type\":\"ImageObject\",\"inLanguage\":\"en-GB\",\"@id\":\"https:\\\/\\\/bittelmobile.es\\\/#\\\/schema\\\/logo\\\/image\\\/\",\"url\":\"https:\\\/\\\/bittelmobile.es\\\/wp-content\\\/uploads\\\/2023\\\/03\\\/logo.png\",\"contentUrl\":\"https:\\\/\\\/bittelmobile.es\\\/wp-content\\\/uploads\\\/2023\\\/03\\\/logo.png\",\"width\":1920,\"height\":1280,\"caption\":\"bittelmobile\"},\"image\":{\"@id\":\"https:\\\/\\\/bittelmobile.es\\\/#\\\/schema\\\/logo\\\/image\\\/\"}}]}<\/script>\n<!-- \/ Yoast SEO plugin. -->","yoast_head_json":{"title":"COMUNICACI\u00d3NDE LOS ASPECTOS AMBIENTALES - BittelMobile","robots":{"index":"index","follow":"follow","max-snippet":"max-snippet:-1","max-image-preview":"max-image-preview:large","max-video-preview":"max-video-preview:-1"},"canonical":"https:\/\/bittelmobile.es\/en\/comunicacionde-los-aspectos-ambientales\/","og_locale":"en_GB","og_type":"article","og_title":"COMUNICACI\u00d3NDE LOS ASPECTOS AMBIENTALES - BittelMobile","og_description":"COMUNICADO DE LOS ASPECTOS AMBIENTALESM\u00c1S SIGNIFICATIVOS Atendiendo a la Norma Internacional ISO 14001:2015 y dentro del \u00e1mbito de aplicaci\u00f3n del Sistema de gesti\u00f3n Integral, EXTEL FACILITIES, REGANET NETWORKS Y ATLAS MONTAJES E INGENIERIA, decide comunicar a todos sus grupos de inter\u00e9s, los aspectos ambientales m\u00e1s significativos que se han identificado y evaluado en el desarrollo&hellip;&nbsp;Read More &raquo;COMUNICACI\u00d3NDE LOS ASPECTOS AMBIENTALES","og_url":"https:\/\/bittelmobile.es\/en\/comunicacionde-los-aspectos-ambientales\/","og_site_name":"BittelMobile","article_modified_time":"2024-04-17T10:20:30+00:00","og_image":[{"url":"https:\/\/bittelmobile.es\/wp-content\/uploads\/2023\/06\/tabla.jpg","type":"","width":"","height":""}],"twitter_card":"summary_large_image","twitter_misc":{"Estimated reading time":"1 minute"},"schema":{"@context":"https:\/\/schema.org","@graph":[{"@type":"WebPage","@id":"https:\/\/bittelmobile.es\/comunicacionde-los-aspectos-ambientales\/","url":"https:\/\/bittelmobile.es\/comunicacionde-los-aspectos-ambientales\/","name":"COMUNICACI\u00d3NDE LOS ASPECTOS AMBIENTALES - BittelMobile","isPartOf":{"@id":"https:\/\/bittelmobile.es\/#website"},"primaryImageOfPage":{"@id":"https:\/\/bittelmobile.es\/comunicacionde-los-aspectos-ambientales\/#primaryimage"},"image":{"@id":"https:\/\/bittelmobile.es\/comunicacionde-los-aspectos-ambientales\/#primaryimage"},"thumbnailUrl":"https:\/\/bittelmobile.es\/wp-content\/uploads\/2023\/06\/tabla.jpg","datePublished":"2023-06-30T11:33:09+00:00","dateModified":"2024-04-17T10:20:30+00:00","breadcrumb":{"@id":"https:\/\/bittelmobile.es\/comunicacionde-los-aspectos-ambientales\/#breadcrumb"},"inLanguage":"en-GB","potentialAction":[{"@type":"ReadAction","target":["https:\/\/bittelmobile.es\/comunicacionde-los-aspectos-ambientales\/"]}]},{"@type":"ImageObject","inLanguage":"en-GB","@id":"https:\/\/bittelmobile.es\/comunicacionde-los-aspectos-ambientales\/#primaryimage","url":"https:\/\/bittelmobile.es\/wp-content\/uploads\/2023\/06\/tabla.jpg","contentUrl":"https:\/\/bittelmobile.es\/wp-content\/uploads\/2023\/06\/tabla.jpg"},{"@type":"BreadcrumbList","@id":"https:\/\/bittelmobile.es\/comunicacionde-los-aspectos-ambientales\/#breadcrumb","itemListElement":[{"@type":"ListItem","position":1,"name":"Portada","item":"https:\/\/bittelmobile.es\/"},{"@type":"ListItem","position":2,"name":"COMUNICACI\u00d3NDE LOS ASPECTOS AMBIENTALES"}]},{"@type":"WebSite","@id":"https:\/\/bittelmobile.es\/#website","url":"https:\/\/bittelmobile.es\/","name":"bittelmobile","description":"","publisher":{"@id":"https:\/\/bittelmobile.es\/#organization"},"potentialAction":[{"@type":"SearchAction","target":{"@type":"EntryPoint","urlTemplate":"https:\/\/bittelmobile.es\/?s={search_term_string}"},"query-input":{"@type":"PropertyValueSpecification","valueRequired":true,"valueName":"search_term_string"}}],"inLanguage":"en-GB"},{"@type":"Organization","@id":"https:\/\/bittelmobile.es\/#organization","name":"bittelmobile","url":"https:\/\/bittelmobile.es\/","logo":{"@type":"ImageObject","inLanguage":"en-GB","@id":"https:\/\/bittelmobile.es\/#\/schema\/logo\/image\/","url":"https:\/\/bittelmobile.es\/wp-content\/uploads\/2023\/03\/logo.png","contentUrl":"https:\/\/bittelmobile.es\/wp-content\/uploads\/2023\/03\/logo.png","width":1920,"height":1280,"caption":"bittelmobile"},"image":{"@id":"https:\/\/bittelmobile.es\/#\/schema\/logo\/image\/"}}]}},"_links":{"self":[{"href":"https:\/\/bittelmobile.es\/en\/wp-json\/wp\/v2\/pages\/901","targetHints":{"allow":["GET"]}}],"collection":[{"href":"https:\/\/bittelmobile.es\/en\/wp-json\/wp\/v2\/pages"}],"about":[{"href":"https:\/\/bittelmobile.es\/en\/wp-json\/wp\/v2\/types\/page"}],"author":[{"embeddable":true,"href":"https:\/\/bittelmobile.es\/en\/wp-json\/wp\/v2\/users\/2"}],"replies":[{"embeddable":true,"href":"https:\/\/bittelmobile.es\/en\/wp-json\/wp\/v2\/comments?post=901"}],"version-history":[{"count":4,"href":"https:\/\/bittelmobile.es\/en\/wp-json\/wp\/v2\/pages\/901\/revisions"}],"predecessor-version":[{"id":1193,"href":"https:\/\/bittelmobile.es\/en\/wp-json\/wp\/v2\/pages\/901\/revisions\/1193"}],"wp:attachment":[{"href":"https:\/\/bittelmobile.es\/en\/wp-json\/wp\/v2\/media?parent=901"}],"curies":[{"name":"wp","href":"https:\/\/api.w.org\/{rel}","templated":true}]}}